{"id":1100,"date":"2026-02-08T10:45:56","date_gmt":"2026-02-08T10:45:56","guid":{"rendered":"https:\/\/videfim.es\/?page_id=1100"},"modified":"2026-04-19T18:47:02","modified_gmt":"2026-04-19T18:47:02","slug":"contacto","status":"publish","type":"page","link":"https:\/\/videfim.es\/en\/contacto\/","title":{"rendered":"Contacto"},"content":{"rendered":"<!-- CONTACTO -->\n<div class=\"af-contact-container\" style=\"text-decoration:none;\"><div class=\"af-contact-card\"><div class=\"af-project-icon\"><img decoding=\"async\" src=\"https:\/\/videfim.es\/wp-content\/uploads\/2026\/03\/LOGO-VIDEFIM-scaled-e1774099403880.png\" alt=\"Correo del proyecto\"><\/div><h3 class=\"af-contact-title\">Correo del Proyecto<\/h3><div class=\"af-email-block\"><span class=\"af-email-address\"><a href=\"mailto:videfim@protonmail.com\" style=\"text-decoration:none;color:inherit;\">videfim@protonmail.com<\/a><\/span><\/div><div class=\"af-contact-text\">Para consultas sobre colaboraciones, proyectos de investigaci\u00f3n o cualquier informaci\u00f3n del equipo de Antropolog\u00eda F\u00edsica.<\/div><\/div><div class=\"af-contact-card\"><div class=\"af-project-icon\"><img decoding=\"async\" src=\"https:\/\/videfim.es\/wp-content\/uploads\/2026\/03\/Sylvia-y-Rosa-inicio-e1774087098967.jpeg\" alt=\"Investigadoras principales\"><\/div><h3 class=\"af-contact-title\">Investigadoras principales<\/h3><div class=\"af-contact-text\"><strong>Dra. Sylvia A. Jim\u00e9nez Brobeil<\/strong><br>Tel: <a href=\"tel:+34958246340\" style=\"text-decoration:none;color:inherit;\">958 24 63 40<\/a><br><a href=\"mailto:jbrobeil@ugr.es\" style=\"text-decoration:none;color:inherit;\">jbrobeil@ugr.es<\/a><br><br><strong>Dra. Rosa M. Maroto Benavides<\/strong><br>Tel: <a href=\"tel:+34958243522\" style=\"text-decoration:none;color:inherit;\">958 24 35 22<\/a><br><a href=\"mailto:rmmaroto@ugr.es\" style=\"text-decoration:none;color:inherit;\">rmmaroto@ugr.es<\/a><\/div><\/div><div class=\"af-contact-card\"><div class=\"af-project-icon\"><img decoding=\"async\" src=\"https:\/\/videfim.es\/wp-content\/uploads\/2026\/03\/facultad.jpg\" alt=\"Facultad Medicina UGR\"><\/div><h3 class=\"af-contact-title\">Nuestra ubicaci\u00f3n<\/h3><div class=\"af-contact-text\"><strong>Facultad de Medicina &#8211; UGR<\/strong><br>Av. Doctor Jes\u00fas Candel F\u00e1bregas, 11<br>Torre A, planta 4 \u2013 Departamento de Medicina Legal, Toxicolog\u00eda y Antropolog\u00eda F\u00edsica<br>18016 Granada, Espa\u00f1a<\/div><div class=\"af-map-container\" style=\"margin-top:15px;\"><iframe src=\"https:\/\/www.google.com\/maps?q=Facultad+de+Medicina+UGR+Granada&#038;output=embed\" width=\"100%\" height=\"300\" style=\"border:0;border-radius:12px;\" allowfullscreen=\"\" loading=\"lazy\"><\/iframe><\/div><\/div><\/div>\n\n\n\n\n<ul class=\"wp-block-social-links has-normal-icon-size has-icon-color has-icon-background-color is-style-default is-content-justification-center is-layout-flex wp-container-core-social-links-is-layout-05d3d2b3 wp-block-social-links-is-layout-flex\" style=\"padding-top:var(--wp--preset--spacing--30);padding-right:0;padding-bottom:var(--wp--preset--spacing--30);padding-left:0\"><li style=\"color:#5a0707;background-color:var(--nv-text-dark-bg);\" class=\"wp-social-link wp-social-link-facebook has-nv-text-dark-bg-background-color wp-block-social-link\"><a rel=\"noopener nofollow\" target=\"_blank\" href=\"https:\/\/www.facebook.com\/share\/1anzdXYQxA\/\" class=\"wp-block-social-link-anchor\"><svg width=\"24\" height=\"24\" viewbox=\"0 0 24 24\" version=\"1.1\" xmlns=\"http:\/\/www.w3.org\/2000\/svg\" aria-hidden=\"true\" focusable=\"false\"><path d=\"M12 2C6.5 2 2 6.5 2 12c0 5 3.7 9.1 8.4 9.9v-7H7.9V12h2.5V9.8c0-2.5 1.5-3.9 3.8-3.9 1.1 0 2.2.2 2.2.2v2.5h-1.3c-1.2 0-1.6.8-1.6 1.6V12h2.8l-.4 2.9h-2.3v7C18.3 21.1 22 17 22 12c0-5.5-4.5-10-10-10z\"><\/path><\/svg><span class=\"wp-block-social-link-label screen-reader-text\">Facebook<\/span><\/a><\/li>\n\n<li style=\"color:#5a0707;background-color:var(--nv-text-dark-bg);\" class=\"wp-social-link wp-social-link-instagram has-nv-text-dark-bg-background-color wp-block-social-link\"><a rel=\"noopener nofollow\" target=\"_blank\" href=\"https:\/\/www.instagram.com\/videfim?igsh=NzM1OGlhcWpyd3gw\" class=\"wp-block-social-link-anchor\"><svg width=\"24\" height=\"24\" viewbox=\"0 0 24 24\" version=\"1.1\" xmlns=\"http:\/\/www.w3.org\/2000\/svg\" aria-hidden=\"true\" focusable=\"false\"><path d=\"M12,4.622c2.403,0,2.688,0.009,3.637,0.052c0.877,0.04,1.354,0.187,1.671,0.31c0.42,0.163,0.72,0.358,1.035,0.673 c0.315,0.315,0.51,0.615,0.673,1.035c0.123,0.317,0.27,0.794,0.31,1.671c0.043,0.949,0.052,1.234,0.052,3.637 s-0.009,2.688-0.052,3.637c-0.04,0.877-0.187,1.354-0.31,1.671c-0.163,0.42-0.358,0.72-0.673,1.035 c-0.315,0.315-0.615,0.51-1.035,0.673c-0.317,0.123-0.794,0.27-1.671,0.31c-0.949,0.043-1.233,0.052-3.637,0.052 s-2.688-0.009-3.637-0.052c-0.877-0.04-1.354-0.187-1.671-0.31c-0.42-0.163-0.72-0.358-1.035-0.673 c-0.315-0.315-0.51-0.615-0.673-1.035c-0.123-0.317-0.27-0.794-0.31-1.671C4.631,14.688,4.622,14.403,4.622,12 s0.009-2.688,0.052-3.637c0.04-0.877,0.187-1.354,0.31-1.671c0.163-0.42,0.358-0.72,0.673-1.035 c0.315-0.315,0.615-0.51,1.035-0.673c0.317-0.123,0.794-0.27,1.671-0.31C9.312,4.631,9.597,4.622,12,4.622 M12,3 C9.556,3,9.249,3.01,8.289,3.054C7.331,3.098,6.677,3.25,6.105,3.472C5.513,3.702,5.011,4.01,4.511,4.511 c-0.5,0.5-0.808,1.002-1.038,1.594C3.25,6.677,3.098,7.331,3.054,8.289C3.01,9.249,3,9.556,3,12c0,2.444,0.01,2.751,0.054,3.711 c0.044,0.958,0.196,1.612,0.418,2.185c0.23,0.592,0.538,1.094,1.038,1.594c0.5,0.5,1.002,0.808,1.594,1.038 c0.572,0.222,1.227,0.375,2.185,0.418C9.249,20.99,9.556,21,12,21s2.751-0.01,3.711-0.054c0.958-0.044,1.612-0.196,2.185-0.418 c0.592-0.23,1.094-0.538,1.594-1.038c0.5-0.5,0.808-1.002,1.038-1.594c0.222-0.572,0.375-1.227,0.418-2.185 C20.99,14.751,21,14.444,21,12s-0.01-2.751-0.054-3.711c-0.044-0.958-0.196-1.612-0.418-2.185c-0.23-0.592-0.538-1.094-1.038-1.594 c-0.5-0.5-1.002-0.808-1.594-1.038c-0.572-0.222-1.227-0.375-2.185-0.418C14.751,3.01,14.444,3,12,3L12,3z M12,7.378 c-2.552,0-4.622,2.069-4.622,4.622S9.448,16.622,12,16.622s4.622-2.069,4.622-4.622S14.552,7.378,12,7.378z M12,15 c-1.657,0-3-1.343-3-3s1.343-3,3-3s3,1.343,3,3S13.657,15,12,15z M16.804,6.116c-0.596,0-1.08,0.484-1.08,1.08 s0.484,1.08,1.08,1.08c0.596,0,1.08-0.484,1.08-1.08S17.401,6.116,16.804,6.116z\"><\/path><\/svg><span class=\"wp-block-social-link-label screen-reader-text\">Instagram<\/span><\/a><\/li><\/ul>\n\n\n\n<p><\/p>","protected":false},"excerpt":{"rendered":"<p>Correo del Proyecto videfim@protonmail.com Para consultas sobre colaboraciones, proyectos de investigaci\u00f3n o cualquier informaci\u00f3n del equipo de Antropolog\u00eda F\u00edsica. Investigadoras principales Dra. Sylvia A. Jim\u00e9nez BrobeilTel: 958 24 63 40jbrobeil@ugr.es Dra. Rosa M. Maroto BenavidesTel: 958 24 35 22rmmaroto@ugr.es Nuestra ubicaci\u00f3n Facultad de Medicina &#8211; UGRAv. Doctor Jes\u00fas Candel F\u00e1bregas, 11Torre A, planta 4 \u2013&hellip;&nbsp;<\/p>","protected":false},"author":1,"featured_media":0,"parent":0,"menu_order":0,"comment_status":"closed","ping_status":"closed","template":"","meta":{"_uag_custom_page_level_css":"","neve_meta_sidebar":"","neve_meta_container":"","neve_meta_enable_content_width":"","neve_meta_content_width":0,"neve_meta_title_alignment":"","neve_meta_author_avatar":"","neve_post_elements_order":"","neve_meta_disable_header":"","neve_meta_disable_footer":"","neve_meta_disable_title":"","footnotes":""},"class_list":["post-1100","page","type-page","status-publish","hentry"],"featured_image_src":null,"yoast_head":"<!-- This site is optimized with the Yoast SEO plugin v27.4 - https:\/\/yoast.com\/product\/yoast-seo-wordpress\/ -->\n<title>Contacto - VIDEFIM<\/title>\n<meta name=\"robots\" content=\"index, follow, max-snippet:-1, max-image-preview:large, max-video-preview:-1\" \/>\n<link rel=\"canonical\" href=\"https:\/\/videfim.es\/en\/contacto\/\" \/>\n<meta property=\"og:locale\" content=\"en_GB\" \/>\n<meta property=\"og:type\" content=\"article\" \/>\n<meta property=\"og:title\" content=\"Contacto - VIDEFIM\" \/>\n<meta property=\"og:description\" content=\"Correo del Proyecto videfim@protonmail.com Para consultas sobre colaboraciones, proyectos de investigaci\u00f3n o cualquier informaci\u00f3n del equipo de Antropolog\u00eda F\u00edsica. Investigadoras principales Dra. Sylvia A. Jim\u00e9nez BrobeilTel: 958 24 63 40jbrobeil@ugr.es Dra. Rosa M. Maroto BenavidesTel: 958 24 35 22rmmaroto@ugr.es Nuestra ubicaci\u00f3n Facultad de Medicina &#8211; UGRAv. Doctor Jes\u00fas Candel F\u00e1bregas, 11Torre A, planta 4 \u2013&hellip;&nbsp;\" \/>\n<meta property=\"og:url\" content=\"https:\/\/videfim.es\/en\/contacto\/\" \/>\n<meta property=\"og:site_name\" content=\"VIDEFIM\" \/>\n<meta property=\"article:publisher\" content=\"https:\/\/www.facebook.com\/share\/1anzdXYQxA\/\" \/>\n<meta property=\"article:modified_time\" content=\"2026-04-19T18:47:02+00:00\" \/>\n<meta property=\"og:image\" content=\"https:\/\/videfim.es\/wp-content\/uploads\/2026\/03\/LOGO-VIDEFIM-scaled-e1774099403880.png\" \/>\n<meta name=\"twitter:card\" content=\"summary_large_image\" \/>\n<meta name=\"twitter:label1\" content=\"Estimated reading time\" \/>\n\t<meta name=\"twitter:data1\" content=\"1 minute\" \/>\n<script type=\"application\/ld+json\" class=\"yoast-schema-graph\">{\"@context\":\"https:\\\/\\\/schema.org\",\"@graph\":[{\"@type\":\"WebPage\",\"@id\":\"https:\\\/\\\/videfim.es\\\/contacto\\\/\",\"url\":\"https:\\\/\\\/videfim.es\\\/contacto\\\/\",\"name\":\"Contacto - VIDEFIM\",\"isPartOf\":{\"@id\":\"https:\\\/\\\/videfim.es\\\/#website\"},\"primaryImageOfPage\":{\"@id\":\"https:\\\/\\\/videfim.es\\\/contacto\\\/#primaryimage\"},\"image\":{\"@id\":\"https:\\\/\\\/videfim.es\\\/contacto\\\/#primaryimage\"},\"thumbnailUrl\":\"https:\\\/\\\/videfim.es\\\/wp-content\\\/uploads\\\/2026\\\/03\\\/LOGO-VIDEFIM-scaled-e1774099403880.png\",\"datePublished\":\"2026-02-08T10:45:56+00:00\",\"dateModified\":\"2026-04-19T18:47:02+00:00\",\"breadcrumb\":{\"@id\":\"https:\\\/\\\/videfim.es\\\/contacto\\\/#breadcrumb\"},\"inLanguage\":\"en-GB\",\"potentialAction\":[{\"@type\":\"ReadAction\",\"target\":[\"https:\\\/\\\/videfim.es\\\/contacto\\\/\"]}]},{\"@type\":\"ImageObject\",\"inLanguage\":\"en-GB\",\"@id\":\"https:\\\/\\\/videfim.es\\\/contacto\\\/#primaryimage\",\"url\":\"https:\\\/\\\/videfim.es\\\/wp-content\\\/uploads\\\/2026\\\/03\\\/LOGO-VIDEFIM-scaled-e1774099403880.png\",\"contentUrl\":\"https:\\\/\\\/videfim.es\\\/wp-content\\\/uploads\\\/2026\\\/03\\\/LOGO-VIDEFIM-scaled-e1774099403880.png\"},{\"@type\":\"BreadcrumbList\",\"@id\":\"https:\\\/\\\/videfim.es\\\/contacto\\\/#breadcrumb\",\"itemListElement\":[{\"@type\":\"ListItem\",\"position\":1,\"name\":\"Portada\",\"item\":\"https:\\\/\\\/videfim.es\\\/\"},{\"@type\":\"ListItem\",\"position\":2,\"name\":\"Contacto\"}]},{\"@type\":\"WebSite\",\"@id\":\"https:\\\/\\\/videfim.es\\\/#website\",\"url\":\"https:\\\/\\\/videfim.es\\\/\",\"name\":\"videfim.es\",\"description\":\"Proyecto cient\u00edfico sobre la salud y enfermedad de ni\u00f1os y j\u00f3venes medievales en Castilla y al-Andalus para entender c\u00f3mo viv\u00edan en el pasado.\",\"publisher\":{\"@id\":\"https:\\\/\\\/videfim.es\\\/#organization\"},\"alternateName\":\"Vidas ef\u00edmeras: Infancia y Juventud en la Espa\u00f1a Medieval\",\"potentialAction\":[{\"@type\":\"SearchAction\",\"target\":{\"@type\":\"EntryPoint\",\"urlTemplate\":\"https:\\\/\\\/videfim.es\\\/?s={search_term_string}\"},\"query-input\":{\"@type\":\"PropertyValueSpecification\",\"valueRequired\":true,\"valueName\":\"search_term_string\"}}],\"inLanguage\":\"en-GB\"},{\"@type\":\"Organization\",\"@id\":\"https:\\\/\\\/videfim.es\\\/#organization\",\"name\":\"Vidas ef\u00edmeras: Infancia y Juventud en la Espa\u00f1a Medieval\",\"url\":\"https:\\\/\\\/videfim.es\\\/\",\"logo\":{\"@type\":\"ImageObject\",\"inLanguage\":\"en-GB\",\"@id\":\"https:\\\/\\\/videfim.es\\\/#\\\/schema\\\/logo\\\/image\\\/\",\"url\":\"https:\\\/\\\/videfim.es\\\/wp-content\\\/uploads\\\/2026\\\/04\\\/cropped-LOGO-TERMINADO-copia-3.png\",\"contentUrl\":\"https:\\\/\\\/videfim.es\\\/wp-content\\\/uploads\\\/2026\\\/04\\\/cropped-LOGO-TERMINADO-copia-3.png\",\"width\":512,\"height\":512,\"caption\":\"Vidas ef\u00edmeras: Infancia y Juventud en la Espa\u00f1a Medieval\"},\"image\":{\"@id\":\"https:\\\/\\\/videfim.es\\\/#\\\/schema\\\/logo\\\/image\\\/\"},\"sameAs\":[\"https:\\\/\\\/www.facebook.com\\\/share\\\/1anzdXYQxA\\\/\",\"https:\\\/\\\/www.instagram.com\\\/videfim\"]}]}<\/script>\n<!-- \/ Yoast SEO plugin. -->","yoast_head_json":{"title":"Contacto - VIDEFIM","robots":{"index":"index","follow":"follow","max-snippet":"max-snippet:-1","max-image-preview":"max-image-preview:large","max-video-preview":"max-video-preview:-1"},"canonical":"https:\/\/videfim.es\/en\/contacto\/","og_locale":"en_GB","og_type":"article","og_title":"Contacto - VIDEFIM","og_description":"Correo del Proyecto videfim@protonmail.com Para consultas sobre colaboraciones, proyectos de investigaci\u00f3n o cualquier informaci\u00f3n del equipo de Antropolog\u00eda F\u00edsica. Investigadoras principales Dra. Sylvia A. Jim\u00e9nez BrobeilTel: 958 24 63 40jbrobeil@ugr.es Dra. Rosa M. Maroto BenavidesTel: 958 24 35 22rmmaroto@ugr.es Nuestra ubicaci\u00f3n Facultad de Medicina &#8211; UGRAv. Doctor Jes\u00fas Candel F\u00e1bregas, 11Torre A, planta 4 \u2013&hellip;&nbsp;","og_url":"https:\/\/videfim.es\/en\/contacto\/","og_site_name":"VIDEFIM","article_publisher":"https:\/\/www.facebook.com\/share\/1anzdXYQxA\/","article_modified_time":"2026-04-19T18:47:02+00:00","og_image":[{"url":"https:\/\/videfim.es\/wp-content\/uploads\/2026\/03\/LOGO-VIDEFIM-scaled-e1774099403880.png","type":"","width":"","height":""}],"twitter_card":"summary_large_image","twitter_misc":{"Estimated reading time":"1 minute"},"schema":{"@context":"https:\/\/schema.org","@graph":[{"@type":"WebPage","@id":"https:\/\/videfim.es\/contacto\/","url":"https:\/\/videfim.es\/contacto\/","name":"Contacto - VIDEFIM","isPartOf":{"@id":"https:\/\/videfim.es\/#website"},"primaryImageOfPage":{"@id":"https:\/\/videfim.es\/contacto\/#primaryimage"},"image":{"@id":"https:\/\/videfim.es\/contacto\/#primaryimage"},"thumbnailUrl":"https:\/\/videfim.es\/wp-content\/uploads\/2026\/03\/LOGO-VIDEFIM-scaled-e1774099403880.png","datePublished":"2026-02-08T10:45:56+00:00","dateModified":"2026-04-19T18:47:02+00:00","breadcrumb":{"@id":"https:\/\/videfim.es\/contacto\/#breadcrumb"},"inLanguage":"en-GB","potentialAction":[{"@type":"ReadAction","target":["https:\/\/videfim.es\/contacto\/"]}]},{"@type":"ImageObject","inLanguage":"en-GB","@id":"https:\/\/videfim.es\/contacto\/#primaryimage","url":"https:\/\/videfim.es\/wp-content\/uploads\/2026\/03\/LOGO-VIDEFIM-scaled-e1774099403880.png","contentUrl":"https:\/\/videfim.es\/wp-content\/uploads\/2026\/03\/LOGO-VIDEFIM-scaled-e1774099403880.png"},{"@type":"BreadcrumbList","@id":"https:\/\/videfim.es\/contacto\/#breadcrumb","itemListElement":[{"@type":"ListItem","position":1,"name":"Portada","item":"https:\/\/videfim.es\/"},{"@type":"ListItem","position":2,"name":"Contacto"}]},{"@type":"WebSite","@id":"https:\/\/videfim.es\/#website","url":"https:\/\/videfim.es\/","name":"videfim.es","description":"Proyecto cient\u00edfico sobre la salud y enfermedad de ni\u00f1os y j\u00f3venes medievales en Castilla y al-Andalus para entender c\u00f3mo viv\u00edan en el pasado.","publisher":{"@id":"https:\/\/videfim.es\/#organization"},"alternateName":"Vidas ef\u00edmeras: Infancia y Juventud en la Espa\u00f1a Medieval","potentialAction":[{"@type":"SearchAction","target":{"@type":"EntryPoint","urlTemplate":"https:\/\/videfim.es\/?s={search_term_string}"},"query-input":{"@type":"PropertyValueSpecification","valueRequired":true,"valueName":"search_term_string"}}],"inLanguage":"en-GB"},{"@type":"Organization","@id":"https:\/\/videfim.es\/#organization","name":"Vidas ef\u00edmeras: Infancia y Juventud en la Espa\u00f1a Medieval","url":"https:\/\/videfim.es\/","logo":{"@type":"ImageObject","inLanguage":"en-GB","@id":"https:\/\/videfim.es\/#\/schema\/logo\/image\/","url":"https:\/\/videfim.es\/wp-content\/uploads\/2026\/04\/cropped-LOGO-TERMINADO-copia-3.png","contentUrl":"https:\/\/videfim.es\/wp-content\/uploads\/2026\/04\/cropped-LOGO-TERMINADO-copia-3.png","width":512,"height":512,"caption":"Vidas ef\u00edmeras: Infancia y Juventud en la Espa\u00f1a Medieval"},"image":{"@id":"https:\/\/videfim.es\/#\/schema\/logo\/image\/"},"sameAs":["https:\/\/www.facebook.com\/share\/1anzdXYQxA\/","https:\/\/www.instagram.com\/videfim"]}]}},"uagb_featured_image_src":{"full":false,"thumbnail":false,"medium":false,"medium_large":false,"large":false,"1536x1536":false,"2048x2048":false,"trp-custom-language-flag":false,"neve-blog":false},"uagb_author_info":{"display_name":"VIDEFIM","author_link":"https:\/\/videfim.es\/en\/author\/tomasfernandezquirantegmail-com\/"},"uagb_comment_info":0,"uagb_excerpt":"Correo del Proyecto videfim@protonmail.com Para consultas sobre colaboraciones, proyectos de investigaci\u00f3n o cualquier informaci\u00f3n del equipo de Antropolog\u00eda F\u00edsica. Investigadoras principales Dra. Sylvia A. Jim\u00e9nez BrobeilTel: 958 24 63 40jbrobeil@ugr.es Dra. Rosa M. Maroto BenavidesTel: 958 24 35 22rmmaroto@ugr.es Nuestra ubicaci\u00f3n Facultad de Medicina &#8211; UGRAv. Doctor Jes\u00fas Candel F\u00e1bregas, 11Torre A, planta 4 \u2013&hellip;&nbsp;","_links":{"self":[{"href":"https:\/\/videfim.es\/en\/wp-json\/wp\/v2\/pages\/1100","targetHints":{"allow":["GET"]}}],"collection":[{"href":"https:\/\/videfim.es\/en\/wp-json\/wp\/v2\/pages"}],"about":[{"href":"https:\/\/videfim.es\/en\/wp-json\/wp\/v2\/types\/page"}],"author":[{"embeddable":true,"href":"https:\/\/videfim.es\/en\/wp-json\/wp\/v2\/users\/1"}],"replies":[{"embeddable":true,"href":"https:\/\/videfim.es\/en\/wp-json\/wp\/v2\/comments?post=1100"}],"version-history":[{"count":53,"href":"https:\/\/videfim.es\/en\/wp-json\/wp\/v2\/pages\/1100\/revisions"}],"predecessor-version":[{"id":1909,"href":"https:\/\/videfim.es\/en\/wp-json\/wp\/v2\/pages\/1100\/revisions\/1909"}],"wp:attachment":[{"href":"https:\/\/videfim.es\/en\/wp-json\/wp\/v2\/media?parent=1100"}],"curies":[{"name":"wp","href":"https:\/\/api.w.org\/{rel}","templated":true}]}}